{"id":292,"date":"2020-04-28T09:02:58","date_gmt":"2020-04-28T09:02:58","guid":{"rendered":"http:\/\/localhost\/pelister\/?page_id=292"},"modified":"2020-09-09T19:17:38","modified_gmt":"2020-09-09T19:17:38","slug":"churces","status":"publish","type":"page","link":"https:\/\/park-pelister.com\/sq\/churces\/","title":{"rendered":"Kishat \/ Manastiret"},"content":{"rendered":"<p><\/p>\n<div class=\"post_centent text-justify\">\n<p><strong>Kishat dhe manastiret n\u00eb rajonin e Pelisterit dhe\u00a0 malit Baba <\/strong><\/p>\n<p>N\u00eb rajonin e nd\u00ebr Pelisteri (pjesa e Manastirit dhe ajo e Presp\u00ebs) si kisha fshati ose manastire, ka rreth 40 (dyzet) nd\u00ebrtesa, t\u00eb datuara gjer\u00ebsisht midis XI deri n\u00eb fund t\u00eb shekullit XIX. Qindra metra katror\u00eb dhe rreth 1000 cop\u00eb ikona nga periudha e von\u00eb e Bizantit dhe nga koha e Rilindjes jan\u00eb rregulluar n\u00eb t\u00eb nj\u00ebjtat tempuj.<\/p>\n<p>K\u00ebrkimet dhe analiza e ekspert\u00ebve deri m\u00eb tani, padyshim konfirmojn\u00eb se ekzemplar\u00eb t\u00eb caktuar t\u00eb k\u00ebtij fondi mbres\u00ebl\u00ebn\u00ebs t\u00eb monumenteve kulturore mund t\u00eb p\u00ebrfshihen n\u00eb list\u00ebn e arritjeve artistike m\u00eb t\u00eb shk\u00eblqyera q\u00eb kan\u00eb ndodhur p\u00ebrgjat\u00eb historis\u00eb, n\u00eb rajonin e gjer\u00eb.<\/p>\n<p>Me publikimin e t\u00eb dh\u00ebnave themelore p\u00ebr k\u00ebto monumente, padyshim \u00ebsht\u00eb afirmuar nj\u00eb faqe tjet\u00ebr e r\u00ebnd\u00ebsishme p\u00ebr vlerat q\u00eb p\u00ebrmbahen n\u00eb rajonin e PK Pelister. Monumenti m\u00eb i vjet\u00ebr dhe m\u00eb i r\u00ebnd\u00ebsish\u00ebm i kish\u00ebs n\u00eb af\u00ebrsi t\u00eb PK Pelister \u00ebsht\u00eb Kisha e Sh\u00ebn. George n\u00eb Kurbinov\u00eb, q\u00eb daton nga 1191 (shek. 12). Manastiri i Sh\u00ebn Gorgi m\u00eb 1952, u shpall monument kulture.<\/p>\n<p><img loading=\"lazy\" class=\"alignnone wp-image-1135\" src=\"http:\/\/pelister.development.ivote.mk\/wp-content\/uploads\/2020\/06\/DSC04193-1-300x200.jpg\" sizes=\"(max-width: 399px) 100vw, 399px\" srcset=\"http:\/\/pelister.development.ivote.mk\/wp-content\/uploads\/2020\/06\/DSC04193-1-300x200.jpg 300w, http:\/\/pelister.development.ivote.mk\/wp-content\/uploads\/2020\/06\/DSC04193-1.jpg 640w\" alt=\"\" width=\"399\" height=\"266\" \/>\u00a0 \u00a0 \u00a0 \u00a0 \u00a0 \u00a0 \u00a0\u00a0<img loading=\"lazy\" class=\"alignnone wp-image-1150\" src=\"http:\/\/pelister.development.ivote.mk\/wp-content\/uploads\/2020\/06\/DSC04212-2-296x300.jpg\" sizes=\"(max-width: 265px) 100vw, 265px\" srcset=\"http:\/\/pelister.development.ivote.mk\/wp-content\/uploads\/2020\/06\/DSC04212-2-296x300.jpg 296w, http:\/\/pelister.development.ivote.mk\/wp-content\/uploads\/2020\/06\/DSC04212-2.jpg 480w\" alt=\"\" width=\"265\" height=\"269\" \/><\/p>\n<p>Lexoni m\u00eb shum\u00eb p\u00ebr dometh\u00ebnien e madhe t\u00eb k\u00ebtij monumenti n\u00eb faqen e internetit t\u00eb Dioqez\u00ebs Ortodokse Prespa &#8211; Pelagonija (<a href=\"http:\/\/www.pppe.mk\/2017\/sveti-gorgi-kurbinovo-renesansniot-biser-na-prespa\/\">http:\/\/www.pppe.mk\/2017\/sveti-gorgi-kurbinovo-renesansniot-biser-na-prespa\/<\/a>)<\/p>\n<p>N\u00eb fshatin Malovishte &#8211; i vetmi fshat q\u00eb ndodhet brenda kufijve t\u00eb PK Pelister, ka disa monumente t\u00eb r\u00ebnd\u00ebsishme t\u00eb kish\u00ebs, p\u00ebrkat\u00ebsisht: kisha imponuese e Sh\u00ebn Petka &#8211; e nd\u00ebrtuar n\u00eb vitin 1856, e cila strehon nj\u00eb galeri t\u00eb p\u00ebrhershme ikonash me rreth 100 kopje n\u00eb nj\u00eb hap\u00ebsir\u00eb \u200b\u200bkronologjike prej afro 400 vjet\u00ebsh, pastaj Manastiri i Sh\u00ebn Anna, n\u00eb 1.410m, dhe n\u00eb 2.5km. n\u00eb jug-per\u00ebndim t\u00eb fshatit Malovishte. Kisha e Sh\u00ebn Spas, i cili ndodhet lart n\u00eb mal, posht\u00eb maj\u00ebs s\u00eb Piramid\u00ebs (Vrteshka) n\u00eb 2,000 metra mbi nivelin e detit, dhe n\u00eb hyrje t\u00eb fshatit, \u00ebsht\u00eb kisha e Sh\u00ebn George, dhe n\u00eb jug, pas sht\u00ebpis\u00eb s\u00eb fundit n\u00eb Malovishte \u00ebsht\u00eb kapela e Sh\u00ebn. Athanasi i Madh.<\/p>\n<p><img loading=\"lazy\" class=\"alignnone wp-image-1136\" src=\"http:\/\/pelister.development.ivote.mk\/wp-content\/uploads\/2020\/06\/mal-41-300x225.jpg\" sizes=\"(max-width: 272px) 100vw, 272px\" srcset=\"http:\/\/pelister.development.ivote.mk\/wp-content\/uploads\/2020\/06\/mal-41-300x225.jpg 300w, http:\/\/pelister.development.ivote.mk\/wp-content\/uploads\/2020\/06\/mal-41.jpg 720w\" alt=\"\" width=\"272\" height=\"204\" \/>\u00a0\u00a0<img loading=\"lazy\" class=\"alignnone wp-image-1137\" src=\"http:\/\/pelister.development.ivote.mk\/wp-content\/uploads\/2020\/06\/Maloviste-1-300x225.jpg\" sizes=\"(max-width: 271px) 100vw, 271px\" srcset=\"http:\/\/pelister.development.ivote.mk\/wp-content\/uploads\/2020\/06\/Maloviste-1-300x225.jpg 300w, http:\/\/pelister.development.ivote.mk\/wp-content\/uploads\/2020\/06\/Maloviste-1.jpg 640w\" alt=\"\" width=\"271\" height=\"203\" \/>\u00a0\u00a0<img loading=\"lazy\" class=\"alignnone wp-image-1141\" src=\"http:\/\/pelister.development.ivote.mk\/wp-content\/uploads\/2020\/06\/DSCF9143-copy-300x225.jpg\" alt=\"\" width=\"270\" height=\"202\" \/><\/p>\n<p>N\u00eb an\u00ebn Pellagonija t\u00eb malit Baba dhe\u00a0 PK\u00a0 Pelister, n\u00eb fshatrat Trnovo dhe Magarevo ka tre monumente t\u00eb r\u00ebnd\u00ebsishme : n\u00eb hyrje t\u00eb fshatit Trnovo \u00ebsht\u00eb kisha kushtuar N\u00ebn\u00ebs m\u00eb t\u00eb Shenjt\u00eb t\u00eb Zotit, n\u00eb qend\u00ebr t\u00eb fshatit Magarevo jan\u00eb: kisha e Sh\u00ebn D\u00ebshmori i Madh Demetri dhe Kisha e Sh\u00ebn George, e cila dikur ishte nj\u00eb manastir I murgeshave.<\/p>\n<p><img loading=\"lazy\" class=\"alignnone wp-image-1132\" src=\"http:\/\/pelister.development.ivote.mk\/wp-content\/uploads\/2020\/06\/DSC06967-copy-1-300x232.jpg\" alt=\"\" width=\"313\" height=\"242\" \/>\u00a0 \u00a0 \u00a0 \u00a0 \u00a0\u00a0<img loading=\"lazy\" class=\"alignnone wp-image-1133\" src=\"http:\/\/pelister.development.ivote.mk\/wp-content\/uploads\/2020\/06\/DSC06974-copy-300x197.jpg\" sizes=\"(max-width: 361px) 100vw, 361px\" srcset=\"http:\/\/pelister.development.ivote.mk\/wp-content\/uploads\/2020\/06\/DSC06974-copy-300x197.jpg 300w, http:\/\/pelister.development.ivote.mk\/wp-content\/uploads\/2020\/06\/DSC06974-copy.jpg 640w\" alt=\"\" width=\"361\" height=\"237\" \/><\/p>\n<p>N\u00eb an\u00ebn veriore t\u00eb malit Baba dhe PK Pelister, nd\u00ebr nd\u00ebrtesat e tjera t\u00eb kishave \u00ebsht\u00eb kompleksi i Manastirit Sh\u00ebn Petka n\u00eb fshatin Capari dhe Kisha e Manastirit t\u00eb Sh\u00ebn Ilija n\u00eb fshatin Rotino.<\/p>\n<p><img loading=\"lazy\" class=\"alignnone wp-image-1143\" src=\"http:\/\/pelister.development.ivote.mk\/wp-content\/uploads\/2020\/06\/366_Sv.-Petka-Capari-Macedonia-300x199.jpg\" alt=\"\" width=\"322\" height=\"214\" \/>\u00a0 \u00a0 \u00a0 \u00a0 \u00a0 \u00a0 \u00a0\u00a0<img loading=\"lazy\" class=\"alignnone size-medium wp-image-1127\" src=\"http:\/\/pelister.development.ivote.mk\/wp-content\/uploads\/2020\/06\/sv-ilija-rotino-copy-300x216.jpg\" sizes=\"(max-width: 300px) 100vw, 300px\" srcset=\"http:\/\/pelister.development.ivote.mk\/wp-content\/uploads\/2020\/06\/sv-ilija-rotino-copy-300x216.jpg 300w, http:\/\/pelister.development.ivote.mk\/wp-content\/uploads\/2020\/06\/sv-ilija-rotino-copy.jpg 502w\" alt=\"\" width=\"300\" height=\"216\" \/><\/p>\n<p>N\u00eb an\u00ebn e Presp\u00ebs s\u00eb malit\u00a0 Baba dhe PK Pelister, ngjitur me Kish\u00ebn e Sh\u00ebn Gjorgji n\u00eb fshatin Kurbinovo, Manastiri i Slivnic\u00ebs dallon p\u00ebr r\u00ebnd\u00ebsin\u00eb e tij &#8211; d.m.th.Kisha e Manastirit &#8220;Lindja e N\u00ebn\u00ebs m\u00eb t\u00eb Shenjt\u00eb t\u00eb Zotit&#8221; e cila u nd\u00ebrtua dhe u pikturua n\u00eb vitin 1607. Manastiri i Braj\u00e7in\u00ebs duhet p\u00ebrmendur k\u00ebtu, i cili ndodhet rreth 500 metra n\u00eb lindje t\u00eb fshatit Braj\u00e7ino, me kish\u00ebn &#8220;Sh\u00ebn Petka \u201d.<\/p>\n<p><img loading=\"lazy\" class=\"alignnone wp-image-1144\" src=\"http:\/\/pelister.development.ivote.mk\/wp-content\/uploads\/2020\/06\/DSC02272-copy-1-300x221.jpg\" sizes=\"(max-width: 323px) 100vw, 323px\" srcset=\"http:\/\/pelister.development.ivote.mk\/wp-content\/uploads\/2020\/06\/DSC02272-copy-1-300x221.jpg 300w, http:\/\/pelister.development.ivote.mk\/wp-content\/uploads\/2020\/06\/DSC02272-copy-1.jpg 640w\" alt=\"\" width=\"323\" height=\"238\" \/>\u00a0 \u00a0 \u00a0 \u00a0\u00a0<img loading=\"lazy\" class=\"alignnone wp-image-1146\" src=\"http:\/\/pelister.development.ivote.mk\/wp-content\/uploads\/2020\/06\/DSC05604-2-300x200.jpg\" sizes=\"(max-width: 356px) 100vw, 356px\" srcset=\"http:\/\/pelister.development.ivote.mk\/wp-content\/uploads\/2020\/06\/DSC05604-2-300x200.jpg 300w, http:\/\/pelister.development.ivote.mk\/wp-content\/uploads\/2020\/06\/DSC05604-2.jpg 640w\" alt=\"\" width=\"356\" height=\"237\" \/><\/p>\n<p><strong>Kishat dhe manastiret brenda dhe p\u00ebrreth PK Pelister<\/strong><\/p>\n<p>Emri i fshatit dhe emri i nj\u00eb kishe apo manastiri n\u00eb an\u00ebn e Presp\u00ebs (Resnj\u00ebs) &#8211; NP Pelister:<\/p>\n<p>Dolno Dupeni &#8211; Sh\u00ebn N\u00ebna e Zotit dhe Sh\u00ebn Atanas<\/p>\n<p>Ljubojno &#8211; Sh\u00ebn Pjetri dhe Pali, dhe Sh\u00ebn Jovani<\/p>\n<p>Braj\u00e7ino &#8211; Sh\u00ebn Nikolla dhe Sh\u00ebn Petka<\/p>\n<p>Slivnica &#8211; Manastiri &#8211; Sh\u00ebn N\u00ebna e Zotit(sv.Bogorodica\u00a0\u00a0\u00a0\u00a0 )<\/p>\n<p>Strbovo &#8211; Sh\u00ebn Atanas<\/p>\n<p>Vin\u00e7a &#8211; Sh\u00ebn \u00a0\u00a0\u00a0\u00a0\u00a0 GJeorge<\/p>\n<p>Kurbinovo &#8211; Sh\u00ebn GJeorge<\/p>\n<p>Podmochani &#8211; Sh\u00ebn George, dhe Sh\u00ebn Pjetri dhe Pali<\/p>\n<p>Arvati &#8211; Sh\u00ebn Archangel Michael<\/p>\n<p>Rajica &#8211; Sh\u00ebn Nikola<\/p>\n<p>Emri i fshatit dhe emri i kish\u00ebs ose manastirit n\u00eb an\u00ebn Pellagonija (Manastir) t\u00eb PK Pelister:<\/p>\n<p>Malovishte &#8211; Sh\u00ebn Petka, Sh\u00ebn Anna, Sh\u00ebn George dhe Sh\u00ebn Spas (Malovishte \u00ebsht\u00eb i vetmi fshat q\u00eb ndodhet n\u00eb kufirin e PK Pelister).<\/p>\n<p>Capari &#8211; Sh\u00ebn Petka dhe Sh\u00ebn George<\/p>\n<p>Rotino &#8211; Sh\u00ebn Nikolla dhe Manastiri i Sh\u00ebn. Ilija<\/p>\n<p>Trnovo &#8211; Sh\u00ebn N\u00ebna e Zotit<\/p>\n<p>Magarevo &#8211; Sh\u00ebn Dimitrija dhe Sh\u00ebn george<\/p>\n<p>Nizepole &#8211; Sh\u00ebn Petka<\/p>\n<p>Dihovo &#8211; Sh\u00ebn Dimitrija<\/p>\n<p>Brusnik &#8211; Sh\u00ebn Dimitrija<\/p>\n<p>Lavci- Sh\u00ebn Nikola<\/p>\n<p>Bukovo &#8211; Sh\u00ebn Dimitrija dhe Manastiri i Sh\u00ebn. nd\u00ebrrim<\/p>\n<p>Krstoar &#8211; Sh\u00ebn Pjetri dhe Pali dhe Manastiri i Sh\u00ebn. Christopher<\/p>\n<p>Bistrica &#8211; Sh\u00ebn george<\/p>\n<p>Oleveni &#8211; Sh\u00ebn george<\/p>\n<p>Bareshani \u2013 Sh\u00ebn Merkur<\/p>\n<p>Kanino &#8211; Sh\u00ebn N\u00ebna e Zotit<\/p>\n<p>Velushina &#8211; Sh\u00ebn N\u00ebna e Zotit<\/p>\n<p>Dragos &#8211; Sh\u00ebn Ilia dhe Sh\u00ebn Nikola<\/p>\n<p>Graeshnica &#8211; Sh\u00ebn N\u00ebna e Zotit<\/p>\n<\/div>\n<p><\/p>","protected":false},"excerpt":{"rendered":"<p>Kishat dhe manastiret n\u00eb rajonin e Pelisterit dhe\u00a0 malit Baba N\u00eb rajonin e nd\u00ebr Pelisteri (pjesa e Manastirit dhe ajo e Presp\u00ebs) si kisha fshati ose manastire, ka rreth 40 (dyzet) nd\u00ebrtesa, t\u00eb datuara gjer\u00ebsisht midis XI deri n\u00eb fund t\u00eb shekullit XIX. Qindra metra katror\u00eb dhe rreth 1000 cop\u00eb ikona nga periudha e von\u00eb [&hellip;]<\/p>\n","protected":false},"author":1,"featured_media":1151,"parent":0,"menu_order":0,"comment_status":"closed","ping_status":"closed","template":"template-churches.php","meta":[],"_links":{"self":[{"href":"https:\/\/park-pelister.com\/sq\/wp-json\/wp\/v2\/pages\/292"}],"collection":[{"href":"https:\/\/park-pelister.com\/sq\/wp-json\/wp\/v2\/pages"}],"about":[{"href":"https:\/\/park-pelister.com\/sq\/wp-json\/wp\/v2\/types\/page"}],"author":[{"embeddable":true,"href":"https:\/\/park-pelister.com\/sq\/wp-json\/wp\/v2\/users\/1"}],"replies":[{"embeddable":true,"href":"https:\/\/park-pelister.com\/sq\/wp-json\/wp\/v2\/comments?post=292"}],"version-history":[{"count":0,"href":"https:\/\/park-pelister.com\/sq\/wp-json\/wp\/v2\/pages\/292\/revisions"}],"wp:featuredmedia":[{"embeddable":true,"href":"https:\/\/park-pelister.com\/sq\/wp-json\/wp\/v2\/media\/1151"}],"wp:attachment":[{"href":"https:\/\/park-pelister.com\/sq\/wp-json\/wp\/v2\/media?parent=292"}],"curies":[{"name":"wp","href":"https:\/\/api.w.org\/{rel}","templated":true}]}}