{"id":267,"date":"2020-04-24T16:29:06","date_gmt":"2020-04-24T16:29:06","guid":{"rendered":"http:\/\/localhost\/pelister\/?page_id=267"},"modified":"2020-09-14T07:16:36","modified_gmt":"2020-09-14T07:16:36","slug":"maps-and-brochures","status":"publish","type":"page","link":"https:\/\/park-pelister.com\/sq\/maps-and-brochures\/","title":{"rendered":"Harta dhe broshura"},"content":{"rendered":"<p>Ekzistojn\u00eb gjithashtu nj\u00eb zgjedhje e shk\u00eblqyeshme e hartave dhe broshurave t\u00eb parkut dhe bukuris\u00eb s\u00eb tij. Ju mund t\u00eb gjeni \u00e7do informacion q\u00eb ju nevojitet. Ato jan\u00eb n\u00eb dispozicion p\u00ebr ju n\u00eb qendr\u00ebn e informacionit ose n\u00eb selin\u00eb ton\u00eb. K\u00ebto jan\u00eb hartat dhe broshurat q\u00eb jan\u00eb n\u00eb dispozicion p\u00ebr publikun:<\/p>\n<p><a href=\"http:\/\/pelister.development.ivote.mk\/wp-content\/uploads\/2020\/06\/Samoniknati-lekoviti-rastenija-i-plodovi.pdf\">Medical plants and forest fruits<\/a><\/p>","protected":false},"excerpt":{"rendered":"<p>Ekzistojn\u00eb gjithashtu nj\u00eb zgjedhje e shk\u00eblqyeshme e hartave dhe broshurave t\u00eb parkut dhe bukuris\u00eb s\u00eb tij. Ju mund t\u00eb gjeni \u00e7do informacion q\u00eb ju nevojitet. Ato jan\u00eb n\u00eb dispozicion p\u00ebr ju n\u00eb qendr\u00ebn e informacionit ose n\u00eb selin\u00eb ton\u00eb. K\u00ebto jan\u00eb hartat dhe broshurat q\u00eb jan\u00eb n\u00eb dispozicion p\u00ebr publikun: Medical plants and forest fruits<\/p>\n","protected":false},"author":1,"featured_media":0,"parent":0,"menu_order":0,"comment_status":"closed","ping_status":"closed","template":"template-brochures.php","meta":[],"_links":{"self":[{"href":"https:\/\/park-pelister.com\/sq\/wp-json\/wp\/v2\/pages\/267"}],"collection":[{"href":"https:\/\/park-pelister.com\/sq\/wp-json\/wp\/v2\/pages"}],"about":[{"href":"https:\/\/park-pelister.com\/sq\/wp-json\/wp\/v2\/types\/page"}],"author":[{"embeddable":true,"href":"https:\/\/park-pelister.com\/sq\/wp-json\/wp\/v2\/users\/1"}],"replies":[{"embeddable":true,"href":"https:\/\/park-pelister.com\/sq\/wp-json\/wp\/v2\/comments?post=267"}],"version-history":[{"count":0,"href":"https:\/\/park-pelister.com\/sq\/wp-json\/wp\/v2\/pages\/267\/revisions"}],"wp:attachment":[{"href":"https:\/\/park-pelister.com\/sq\/wp-json\/wp\/v2\/media?parent=267"}],"curies":[{"name":"wp","href":"https:\/\/api.w.org\/{rel}","templated":true}]}}