{"id":2327,"date":"2022-08-06T11:35:13","date_gmt":"2022-08-06T11:35:13","guid":{"rendered":"https:\/\/park-pelister.com\/?page_id=2327"},"modified":"2025-11-13T11:04:00","modified_gmt":"2025-11-13T11:04:00","slug":"%d0%bd%d0%be%d0%b2%d0%be%d1%81%d1%82%d0%b8","status":"publish","type":"page","link":"https:\/\/park-pelister.com\/sq\/%d0%bd%d0%be%d0%b2%d0%be%d1%81%d1%82%d0%b8\/","title":{"rendered":"Lajme"},"content":{"rendered":"<p><\/p>\n<div class=\"xdj266r x11i5rnm xat24cr x1mh8g0r x1vvkbs x126k92a\">\n<div dir=\"auto\">\n<div dir=\"auto\">\n<h3 style=\"text-align: center;\"><strong>Thirrje publike &#8211; K\u00ebrkes\u00eb dhe Marr\u00ebveshje p\u00ebr blerjen e boronic\u00ebs p\u00ebr vitin 2025<\/strong><\/h3>\n<p>&nbsp;<\/p>\n<p style=\"text-align: center;\">Institucioni Publik Parku Komb\u00ebtar Pelister &#8211; Manastir ju ofron udh\u00ebzimet p\u00ebr pjes\u00ebmarrje n\u00eb Thirrjen Publike p\u00ebr blerjen e boronicave p\u00ebr vitin 2025.<\/p>\n<p style=\"text-align: center;\"><a href=\"https:\/\/park-pelister.com\/wp-content\/uploads\/2025\/07\/Javen-povik-skeniran-2025.pdf\" target=\"_blank\" rel=\"noopener\">Thirrje publike p\u00ebr blerjen e boronicave p\u00ebr vitin 2025<\/a><\/p>\n<p style=\"text-align: center;\"><a href=\"https:\/\/park-pelister.com\/wp-content\/uploads\/2025\/07\/Baranje-za-otkup-na-borovinki-2025.doc\" target=\"_blank\" rel=\"noopener\">K\u00ebrkes\u00eb p\u00ebr sh\u00eblbim t\u00eb boronic\u00ebs 2025<\/a><\/p>\n<p style=\"text-align: center;\"><a href=\"https:\/\/park-pelister.com\/wp-content\/uploads\/2025\/07\/Dogovor-za-otkupuvanje-na-borovinki-2025-g.1.doc\" target=\"_blank\" rel=\"noopener\">Marr\u00ebveshja e blerjes s\u00eb boronic\u00ebs p\u00ebr vitin 2025<\/a><\/p>\n<p style=\"text-align: center;\">Personi kontaktues: Goce Cuculoski<\/p>\n<p style=\"text-align: center;\">Telefoni: 078 261 232<\/p>\n<h3><\/h3>\n<h3 style=\"text-align: center;\"><strong>Thirrje publike &#8211; K\u00ebrkes\u00eb dhe Marr\u00ebveshje p\u00ebr blerjen e boronic\u00ebs p\u00ebr vitin 2024<\/strong><\/h3>\n<p>&nbsp;<\/p>\n<p style=\"text-align: center;\">Institucioni Publik Parku Komb\u00ebtar Pelister &#8211; Manastir ju ofron udh\u00ebzimet p\u00ebr pjes\u00ebmarrje n\u00eb Thirrjen Publike p\u00ebr blerjen e boronicave p\u00ebr vitin 2024.<\/p>\n<p style=\"text-align: center;\"><a href=\"https:\/\/park-pelister.com\/wp-content\/uploads\/2024\/07\/Javen-povik-borovinki-2024-arhiviran.pdf\" target=\"_blank\" rel=\"noopener\">Thirrje publike p\u00ebr blerjen e boronicave p\u00ebr vitin 2024<\/a><\/p>\n<p style=\"text-align: center;\"><a href=\"https:\/\/park-pelister.com\/wp-content\/uploads\/2024\/07\/Baranje-za-otkup-na-borovinki-2024.doc\" target=\"_blank\" rel=\"noopener\">K\u00ebrkes\u00eb p\u00ebr sh\u00eblbim t\u00eb boronic\u00ebs 2024<\/a><\/p>\n<p style=\"text-align: center;\"><a href=\"https:\/\/park-pelister.com\/wp-content\/uploads\/2024\/07\/Dogovor-za-otkupuvanje-na-borovinki-2024-g..doc\" target=\"_blank\" rel=\"noopener\">Marr\u00ebveshja e blerjes s\u00eb boronic\u00ebs p\u00ebr vitin 2024<\/a><\/p>\n<h3><\/h3>\n<h3 style=\"text-align: center;\"><strong>\u0414\u0430\u0442\u0430 \u043d\u0430 \u043e\u0431\u0430\u0458\u0430\u0432\u0430\u00a0<\/strong><strong> 17.08.2023<\/strong><\/h3>\n<\/div>\n<div dir=\"auto\" style=\"text-align: center;\">\n<div id=\"x_m_-3987132603842111029geom_inter_1692267188346_71_43\">\n<p class=\"x_MsoNormal\" align=\"center\"><b>\u00a0 \u00a0 \u00a0 \u00a0 \u00a0 \u0421 \u041e \u041e \u041f \u0428 \u0422 \u0415 \u041d \u0418 \u0415<u><\/u>\u00a0<u><\/u><\/b><b>\u00a0\u00a0\u00a0\u00a0\u00a0\u00a0\u00a0\u00a0\u00a0\u00a0<u><\/u>\u00a0<u><\/u><\/b><\/p>\n<p class=\"x_MsoNormal\">\u0408\u0430\u0432\u043d\u0430\u0442\u0430 \u0423\u0441\u0442\u0430\u043d\u043e\u0432\u0430 \u041d\u0430\u0446\u0438\u043e\u043d\u0430\u043b\u0435\u043d \u043f\u0430\u0440\u043a \u041f\u0435\u043b\u0438\u0441\u0442\u0435\u0440 &#8211; \u0411\u0438\u0442\u043e\u043b\u0430\u00a0<span id=\"x_m_-3987132603842111029geom_inter_1692267188346_5_44\">\u0433\u0438 \u0438\u0437\u0432\u0435\u0441\u0442\u0443\u0432\u0430 \u041e\u0442\u043a\u0443\u043f\u0443\u0432\u0430\u0447\u0438\u0442\u0435 \u0438 \u0421\u043e\u0431\u0438\u0440\u0430\u0447\u0438\u0442\u0435 \u043d\u0430 \u0431\u043e\u0440\u043e\u0432\u0438\u043d\u043a\u0438 \u0434\u0435\u043a\u0430 \u0431\u0435\u0440\u0431\u0430\u0442\u0430 \u043d\u0430 \u0431\u043e\u0440\u043e\u0432\u0438\u043d\u043a\u0438 \u0437\u0430 202<\/span><span lang=\"EN-US\">3<\/span>\u00a0\u0433\u043e\u0434\u0438\u043d\u0430 \u045c\u0435 \u0437\u0430\u043f\u043e\u0447\u043d\u0435 \u043d\u0430\u00a0<u><span id=\"x_m_-3987132603842111029geom_inter_1692267188346_85_45\" lang=\"EN-GB\">18<\/span><\/u><u><span id=\"x_m_-3987132603842111029geom_inter_1692267188350_4_49\">\u00a0\u0430\u0432\u0433\u0443\u0441\u0442.<\/span><\/u> \u00a0 \u00a0 \u00a0 \u00a0 \u00a0\u00a0<u><\/u>\u00a0<u><\/u><\/p>\n<p class=\"x_MsoNormal\">\u0421\u043e\u0431\u0438\u0440\u0430\u0447\u0438\u0442\u0435 \u043d\u0430 \u0431\u043e\u0440\u043e\u0432\u0438\u043d\u043a\u0438 \u0442\u0440\u0435\u0431\u0430 \u0434\u0430 \u0441\u0435 \u043f\u0440\u0438\u0434\u0440\u0436\u0443\u0432\u0430\u0430\u0442 \u043a\u043e\u043d \u0441\u043b\u0435\u0434\u043d\u0438\u0432\u0435 \u0443\u0441\u043b\u043e\u0432\u0438:<u><\/u>\u00a0<u><\/u><\/p>\n<p class=\"x_MsoNormal\">&#8211; \u0441\u043e \u0441\u0435\u0431\u0435 \u0434\u0430 \u0458\u0430 \u043d\u043e\u0441\u0430\u0442 \u043b\u0435\u0433\u0438\u0442\u0438\u043c\u0430\u0446\u0438\u0458\u0430\u0442\u0430 \u0438 \u0434\u0430 \u0438\u043c\u0430\u0430\u0442 \u043d\u0430\u0431\u0430\u0432\u0435\u043d\u043e \u043c\u0430\u0440\u043a\u0438\u0446\u0430 \u0437\u0430 \u0441\u043e\u0431\u0438\u0440\u0430\u045a\u0435 \u0437\u0430 202<span lang=\"EN-US\">3<\/span><span lang=\"EN-US\">\u00a0<\/span>\u0433., \u0430 \u0434\u043e\u043a\u043e\u043b\u043a\u0443 \u043d\u0435\u043c\u0430\u0430\u0442 \u043b\u0435\u0433\u0438\u0442\u0438\u043c\u0430\u0446\u0438\u0438 \u0438\u0441\u0442\u0438\u0442\u0435 \u0434\u0430 \u0433\u0438 \u043d\u0430\u0431\u0430\u0432\u0430\u0442 \u0432\u043e \u0434\u0438\u0440\u0435\u043a\u0446\u0438\u0458\u0430\u0442\u0430 \u043d\u0430 \u041d\u041f \u041f\u0435\u043b\u0438\u0441\u0442\u0435\u0440;<u><\/u>\u00a0<u><\/u><\/p>\n<p class=\"x_MsoNormal\">\u00a0\u00a0\u00a0\u00a0\u00a0\u00a0\u00a0\u00a0\u00a0\u00a0&#8211; \u043f\u043b\u043e\u0434\u043e\u0432\u0438\u0442\u0435 \u0434\u0430 \u0433\u0438 \u0441\u043e\u0431\u0438\u0440\u0430\u0430\u0442 \u0441\u0430\u043c\u043e \u0430\u043a\u043e \u0441\u0435 \u0441\u043e \u043e\u043f\u0442\u0438\u043c\u0430\u043b\u043d\u0430 \u0437\u0440\u0435\u043b\u043e\u0441\u0442 \u0438 \u0434\u0430 \u043d\u0435 \u0433\u0438 \u043e\u0448\u0442\u0435\u0442\u0443\u0432\u0430\u0430\u0442 \u0441\u043e \u043c\u0435\u0445\u0430\u043d\u0438\u0447\u043a\u0438 \u0441\u0440\u0435\u0434\u0441\u0442\u0432\u0430 (\u043a\u043e\u0441\u0435\u045a\u0435, \u0441\u0435\u0447\u0435\u045a\u0435, \u043a\u043e\u0440\u043d\u0435\u045a\u0435 \u0438 \u0441\u043b.).\u00a0<u><\/u>\u00a0<u><\/u><\/p>\n<p class=\"x_MsoNormal\">\u0417\u0430 \u043b\u0438\u0446\u0430\u0442\u0430 \u0437\u0430\u0442\u0435\u043a\u043d\u0430\u0442\u0438 \u043d\u0430 \u0442\u0435\u0440\u0435\u043d\u043e\u0442 \u0431\u0435\u0437 \u0434\u043e\u0437\u0432\u043e\u043b\u0430 \u0437\u0430 \u0441\u043e\u0431\u0438\u0440\u0430\u045a\u0435 \u0438 \u043f\u0440\u0435\u0434 \u0434\u043e\u0437\u0432\u043e\u043b\u0435\u043d\u0438\u043e\u0442 \u043f\u043e\u0447\u0435\u0442\u043e\u043a \u043d\u0430 \u0431\u0435\u0440\u0431\u0430\u0442\u0430, \u0438 \u043a\u043e\u0438 \u043d\u0435\u043c\u0430 \u0434\u0430 \u0441\u0435 \u043f\u0440\u0438\u0434\u0440\u0436\u0443\u0432\u0430\u0430\u0442 \u043d\u0430 \u043f\u043e\u0433\u043e\u0440\u0435 \u043d\u0430\u0432\u0435\u0434\u0435\u043d\u0438\u0442\u0435 \u043f\u0440\u0430\u0432\u0438\u043b\u0430, \u0441\u043e\u0433\u043b\u0430\u0441\u043d\u043e \u0417\u0430\u043a\u043e\u043d\u043e\u0442 \u0437\u0430 \u0448\u0443\u043c\u0438 \u0438 \u0417\u0430\u043a\u043e\u043d\u043e\u0442 \u0437\u0430 \u0437\u0430\u0448\u0442\u0438\u0442\u0430 \u043d\u0430 \u043f\u0440\u0438\u0440\u043e\u0434\u0430\u0442\u0430, \u0441\u043b\u0435\u0434\u0443\u0432\u0430 \u0432\u0438\u0441\u043e\u043a \u0438\u0437\u00ad\u043d\u043e\u0441 \u043d\u0430 \u0433\u043b\u043e\u0431\u0430.\u00a0<u><\/u>\u00a0<u><\/u><\/p>\n<p class=\"x_MsoNormal\">\u041a\u043e\u043d\u0442\u0440\u043e\u043b\u0430\u0442\u0430 \u043d\u0430 \u0442\u0435\u0440\u0435\u043d\u043e\u0442 \u045c\u0435 \u0458\u0430 \u0432\u0440\u0448\u0430\u0442 \u043e\u0432\u043b\u0430\u0441\u0442\u0435\u043d\u0438 \u043b\u0438\u0446\u0430 \u043e\u0434 \u041d\u041f \u041f\u0435\u043b\u0438\u0441\u0442\u0435\u0440, \u0428\u0443\u043c\u0441\u043a\u0430\u0442\u0430 \u0438 \u0440\u0435\u0434\u043e\u0432\u043d\u0430\u0442\u0430 \u043f\u043e\u043b\u0438\u0446\u0438\u0458\u0430, \u0438 \u045c\u0435 \u0441\u0435 \u043f\u043e\u0434\u043d\u0435\u0441\u0443\u0432\u0430\u0430\u0442 \u043f\u0440\u0438\u0458\u0430\u0432\u0438, \u0438 \u045c\u0435 \u0441\u0435 \u043f\u043e\u043a\u0440\u0435\u043d\u0443\u0432\u0430\u0430\u0442 \u0441\u0443\u0434\u0441\u043a\u0438 \u043f\u043e\u0441\u0442\u0430\u043f\u043a\u0438.<u><\/u>\u00a0<u><\/u><\/p>\n<p class=\"x_MsoNormal\">\u0421\u0435 \u0438\u0437\u0432\u0435\u0441\u0442\u0443\u0432\u0430\u0430\u0442 \u0438 \u041e\u0442\u043a\u0443\u043f\u0443\u0432\u0430\u0447\u0438\u0442\u0435 \u0434\u0435\u043a\u0430 \u043f\u0440\u0435\u0434 \u0434\u0430 \u0437\u0430\u043f\u043e\u0447\u043d\u0430\u0442 \u0441\u043e \u043e\u0442\u043a\u0443\u043f \u043d\u0430 \u0442\u0435\u0440\u0435\u043d\u043e\u0442 (\u043e\u0442\u043a\u0443\u043f\u043d\u0438\u0442\u0435 \u043f\u0443\u043d\u043a\u0442\u043e\u0432\u0438 \u043e\u043a\u043e\u043b\u0443 \u041d\u041f \u041f\u0435\u043b\u0438\u0441\u0442\u0435\u0440), \u0442\u0438\u0435 \u043c\u043e\u0440\u0430 \u0434\u0430 \u0438\u043c\u0430\u0430\u0442 \u043f\u043e\u0442\u043f\u0438\u0448\u0430\u043d \u0434\u043e\u0433\u043e\u0432\u043e\u0440 \u0441\u043e \u041d\u041f \u041f\u0435\u043b\u0438\u0441\u0442\u0435\u0440, \u0434\u043e\u0441\u0442\u0430\u0432\u0435\u043d\u0438 \u0441\u043f\u0438\u0441\u043e\u0446\u0438 \u043d\u0430 \u0430\u043d\u0433\u0430\u0436\u0438\u0440\u0430\u043d\u0438 \u0432\u043e\u0437\u0438\u043b\u0430 \u0441\u043e \u0440\u0435\u0433\u0438\u0441\u0442\u0435\u0440\u0441\u043a\u0438 \u0442\u0430\u0431\u043b\u0438\u0447\u043a\u0438, \u0438 \u0434\u0430 \u0438\u043c\u0430\u0430\u0442 \u043f\u0440\u0435\u0442\u0445\u043e\u0434\u043d\u043e \u043f\u0440\u0438\u0431\u0430\u0432\u0435\u043d\u0430 \u0434\u043e\u0437\u0432\u043e\u043b\u0430 \u0437\u0430 \u043e\u0442\u043a\u0443\u043f \u043e\u0434 \u041c\u0438\u043d\u0438\u0441\u0442\u0435\u0440\u00ad\u0441\u0442\u0432\u043e\u0442\u043e \u0437\u0430 \u0436\u0438\u0432\u043e\u0442\u043d\u0430 \u0441\u0440\u0435\u0434\u0438\u043d\u0430 \u0438 \u043f\u0440\u043e\u0441\u0442\u043e\u0440\u043d\u043e \u043f\u043b\u0430\u043d\u0438\u0440\u0430\u045a\u0435.\u00a0<u><\/u><\/p>\n<p><a href=\"https:\/\/park-pelister.com\/wp-content\/uploads\/2023\/08\/\u0410\u0440\u0445\u0438\u0432\u0438\u0440\u0430\u043d\u043e-\u0421\u043e\u043e\u043f\u0448\u0442\u0435\u043d\u0438\u0435-\u0411\u043e\u0440\u043e\u0432\u0438\u043d\u043a\u0438-1.pdf\">\u0410\u0440\u0445\u0438\u0432\u0438\u0440\u0430\u043d\u043e \u0421\u043e\u043e\u043f\u0448\u0442\u0435\u043d\u0438\u0435- \u0411\u043e\u0440\u043e\u0432\u0438\u043d\u043a\u0438<\/a><\/p>\n<\/div>\n<\/div>\n<h3 style=\"text-align: center;\"><strong>\u0414\u0430\u0442\u0430 \u043d\u0430 \u043e\u0431\u0430\u0458\u0430\u0432\u0430\u00a0<\/strong><strong> 17.07.2023<\/strong><\/h3>\n<\/div>\n<div dir=\"auto\" style=\"text-align: center;\">\u041e\u0434 17 \u0458\u0443\u043b\u0438 \u0432\u0430\u0436\u0438 \u041e\u0434\u043b\u0443\u043a\u0430\u0442\u0430 \u043d\u0430 \u0412\u043b\u0430\u0434\u0430\u0442\u0430 \u0437\u0430 \u0437\u0430\u0431\u0440\u0430\u043d\u0430 \u0437\u0430 \u0434\u0432\u0438\u0436\u0435\u045a\u0435 \u0432\u043e \u0448\u0443\u043c\u0438 <span class=\"x3nfvp2 x1j61x8r x1fcty0u xdj266r xhhsvwb xat24cr xgzva0m xxymvpz xlup9mm x1kky2od\"><img loading=\"lazy\" src=\"https:\/\/static.xx.fbcdn.net\/images\/emoji.php\/v9\/ta8\/1.5\/16\/1f447.png\" alt=\"\ud83d\udc47\" width=\"16\" height=\"16\" \/><\/span><\/div>\n<\/div>\n<div class=\"x11i5rnm xat24cr x1mh8g0r x1vvkbs xtlvy1s x126k92a\" style=\"text-align: center;\">\n<div dir=\"auto\">&#8220;\u0412\u043b\u0430\u0434\u0430\u0442\u0430, \u043d\u0430 \u043f\u0440\u0435\u0434\u043b\u043e\u0433 \u043d\u0430 \u041c\u0438\u043d\u0438\u0441\u0442\u0435\u0440\u0441\u0442\u0432\u043e\u0442\u043e \u0437\u0430 \u0437\u0435\u043c\u0458\u043e\u0434\u0435\u043b\u0441\u0442\u0432\u043e, \u0448\u0443\u043c\u0430\u0440\u0441\u0442\u0432\u043e \u0438 \u0432\u043e\u0434\u043e\u0441\u0442\u043e\u043f\u0430\u043d\u0441\u0442\u0432\u043e, \u0433\u0438 \u0437\u0430\u0434\u043e\u043b\u0436\u0438 \u043a\u043e\u0440\u0438\u0441\u043d\u0438\u0446\u0438\u0442\u0435, \u043e\u0434\u043d\u043e\u0441\u043d\u043e \u0441\u0442\u043e\u043f\u0430\u043d\u0438\u0441\u0443\u0432\u0430\u0447\u0438\u0442\u0435 \u0441\u043e \u0434\u0440\u0436\u0430\u0432\u043d\u0438 \u0448\u0443\u043c\u0438, \u0441\u043e\u0433\u043b\u0430\u0441\u043d\u043e \u0417\u0430\u043a\u043e\u043d\u043e\u0442 \u0437\u0430 \u0448\u0443\u043c\u0438\u0442\u0435, \u0434\u0430 \u043f\u0440\u043e\u0433\u043b\u0430\u0441\u0430\u0442 \u0437\u0430\u0431\u0440\u0430\u043d\u0430 \u0437\u0430 \u0434\u0432\u0438\u0436\u0435\u045a\u0435 \u0432\u043e \u0448\u0443\u043c\u0438\u0442\u0435, \u043f\u043e \u0434\u043e\u0431\u0438\u0435\u043d\u0430 \u043f\u0440\u0435\u0442\u0445\u043e\u0434\u043d\u0430 \u0441\u043e\u0433\u043b\u0430\u0441\u043d\u043e\u0441\u0442 \u043e\u0434 \u043d\u0430\u0434\u043b\u0435\u0436\u043d\u043e\u0442\u043e \u043c\u0438\u043d\u0438\u0441\u0442\u0435\u0440\u0441\u0442\u0432\u043e, \u0448\u0442\u043e \u045c\u0435 \u0441\u0435 \u043e\u043f\u0435\u0440\u0430\u0446\u0438\u043e\u043d\u0430\u043b\u0438\u0437\u0438\u0440\u0430 \u043e\u0434 \u0443\u0442\u0440\u0435, 17 \u0458\u0443\u043b\u0438 2023 \u0433\u043e\u0434\u0438\u043d\u0430 (\u043f\u043e\u043d\u0435\u0434\u0435\u043b\u043d\u0438\u043a).<\/div>\n<\/div>\n<div class=\"x11i5rnm xat24cr x1mh8g0r x1vvkbs xtlvy1s x126k92a\">\n<div dir=\"auto\" style=\"text-align: center;\">\u0417\u0430\u0431\u0440\u0430\u043d\u0430\u0442\u0430 \u0432\u0430\u0436\u0438 \u0438 \u0437\u0430 \u0434\u0432\u0438\u0436\u0435\u045a\u0430 \u0432\u043e \u043d\u0430\u0446\u0438\u043e\u043d\u0430\u043b\u043d\u0438\u0442\u0435 \u0437\u0430\u0448\u0442\u0438\u0442\u0435\u043d\u0438 \u043f\u043e\u0434\u0440\u0430\u0447\u0458\u0430 \u0408\u0430\u0441\u0435\u043d, \u041c\u0430\u0432\u0440\u043e\u0432\u043e, \u041f\u043e\u043f\u043e\u0432\u0430 \u0428\u0430\u043f\u043a\u0430 \u0438 \u041f\u0435\u043b\u0438\u0441\u0442\u0435\u0440. \u041d\u0430 \u043f\u043e\u0434\u0440\u0430\u0447\u0458\u0435\u0442\u043e \u043d\u0430 \u0412\u043e\u0434\u043d\u043e \u043a\u0430\u0434\u0435 \u043d\u0435\u043c\u0430 \u0437\u0430\u0431\u0440\u0430\u043d\u0430 \u0437\u0430 \u0434\u0432\u0438\u0436\u0435\u045a\u0435, \u0441\u0435 \u043f\u0440\u0435\u0434\u0432\u0438\u0434\u0435\u043d\u0438 \u0440\u0435\u0434\u043e\u0432\u043d\u0438 \u043a\u043e\u043d\u0442\u0440\u043e\u043b\u0438&#8221;<\/div>\n<div dir=\"auto\" style=\"text-align: center;\"><a href=\"https:\/\/park-pelister.com\/wp-content\/uploads\/2023\/07\/Dogovor-za-otkupuvanje-na-borovinki-2023-g..doc\">\u0414\u043e\u0433\u043e\u0432\u043e\u0440 \u0437\u0430 \u043e\u0442\u043a\u0443\u043f \u043d\u0430 \u0431\u043e\u0440\u043e\u0432\u0438\u043d\u043a\u0438- 2023 g.<\/a><\/div>\n<div dir=\"auto\" style=\"text-align: center;\"><a href=\"https:\/\/park-pelister.com\/wp-content\/uploads\/2023\/07\/Baranje-za-otkup-na-borovinki-2023.doc\">\u0411\u0430\u0440\u0430\u045a\u0435 \u0437\u0430 \u043e\u0442\u043a\u0443\u043f \u043d\u0430 \u0431\u043e\u0440\u043e\u0432\u0438\u043d\u043a\u0438 &#8211; 2023<\/a><\/div>\n<div dir=\"auto\" style=\"text-align: center;\"><a href=\"https:\/\/park-pelister.com\/wp-content\/uploads\/2023\/07\/Arhiviran-javen-povik-2023.pdf\">\u041f\u043e\u0432\u0438\u043a- 2023<\/a><\/div>\n<\/div>\n<h3 style=\"text-align: center;\"><strong>\u0414\u0430\u0442\u0430 \u043d\u0430 \u043e\u0431\u0430\u0458\u0430\u0432\u0430\u00a0<\/strong><strong> 05.10.2022<\/strong><\/h3>\n<h4 class=\"post-title entry-title\" style=\"text-align: center;\">\u041d\u0430\u0446\u0438\u043e\u043d\u0430\u043b\u043d\u0438\u043e\u0442 \u043f\u0430\u0440\u043a \u041f\u0435\u043b\u0438\u0441\u0442\u0435\u0440 \u045c\u0435 \u0434\u043e\u0431\u0438\u0435 A\u0432\u0430\u043d\u0442\u0443\u0440\u0438\u0441\u0442\u0438\u0447\u043a\u0438 \u043f\u0430\u0440\u043a<\/h4>\n<p style=\"text-align: center;\"><a href=\"https:\/\/zelenaberza.com.mk\/naczionalniot-park-pelister-ke-dobie-avanturistichki-park\/?fbclid=IwAR0xqMu8gYGeCzmMK3rgDdPZ1w9yag2WzMYpsqxZIqhw0O3whtGa5VL9LaM\" target=\"_blank\" rel=\"noopener\">\u041f\u043e\u0432\u0435\u045c\u0435 \u043d\u0430\u00a0 zelenaberza.com<\/a><\/p>\n<p style=\"text-align: center;\"><a href=\"https:\/\/apla.mk\/direktno\/item\/11594-nacionalniot-park-pelister-kje-dobie-avanturistichki-park?fbclid=IwAR1hSfhBk4qmvr9QGDEiLlaoLCy3qcsReHdDsjvrvpM6PuusuGduUlgNxJ0\" target=\"_blank\" rel=\"noopener\">\u041f\u043e\u0432\u0435\u045c\u0435 \u043d\u0430 apla.mk<\/a><\/p>\n<p style=\"text-align: center;\"><a href=\"https:\/\/nezavisen.mk\/pelister-kje-dobie-avanturistichki-park\/?fbclid=IwAR3OqMjnP4bAKAFFzILGYTPKImamGtvLpDYgg-6uPhPAPdfkHNNqiuC4Bwk\" target=\"_blank\" rel=\"noopener\">\u041f\u043e\u0432\u0435\u045c\u0435 \u043d\u0430 nezavisen.mk<\/a><\/p>\n<h3 style=\"text-align: center;\"><strong>\u0414\u0430\u0442\u0430 \u043d\u0430 \u043e\u0431\u0430\u0458\u0430\u0432\u0430 30.08.2022<\/strong><\/h3>\n<p style=\"text-align: center;\"><a href=\"https:\/\/park-pelister.com\/wp-content\/uploads\/2022\/08\/\u041e\u0433\u043b\u0430\u0441_\u043d\u0430\u0431\u0430\u0432\u043a\u0430_\u0432\u043e\u0437\u0438\u043b\u0430.pdf\">\u041e\u0433\u043b\u0430\u0441\u00a0 \u043d\u0430\u0431\u0430\u0432\u043a\u0430\u00a0 \u0432\u043e\u0437\u0438\u043b\u0430<\/a><\/p>\n<p style=\"text-align: center;\"><a href=\"https:\/\/park-pelister.com\/wp-content\/uploads\/2022\/08\/\u041e\u0434\u043b\u0443\u043a\u0430-\u0458\u0430\u0432\u043d\u0430-\u043d\u0430\u0431\u0430\u0432\u043a\u0430.pdf\">\u041e\u0434\u043b\u0443\u043a\u0430 \u0458\u0430\u0432\u043d\u0430 \u043d\u0430\u0431\u0430\u0432\u043a\u0430<\/a><\/p>\n<h3 style=\"text-align: center;\"><strong>TD1-PREVEN-T-NP Pelister-30. 08. 2022<\/strong><\/h3>\n<p style=\"text-align: center;\"><a href=\"https:\/\/park-pelister.com\/wp-content\/uploads\/2022\/12\/Letter_invitation_tender_PalmaShop.pdf\">Letter_invitation_tender_PalmaShop<\/a><\/p>\n<p style=\"text-align: center;\"><a href=\"https:\/\/park-pelister.com\/wp-content\/uploads\/2022\/12\/Letter_invitation_tender_MidaGrandMotors_FordMacedonia.pdf\">Letter_invitation_tender_MidaGrandMotors_FordMacedonia<\/a><\/p>\n<p style=\"text-align: center;\"><a href=\"https:\/\/park-pelister.com\/wp-content\/uploads\/2022\/12\/Leter_invitation_tender_LadrusLadaMakedonija.pdf\">Leter_invitation_tender_LadrusLadaMakedonija<\/a><\/p>\n<p style=\"text-align: center;\"><a href=\"https:\/\/park-pelister.com\/wp-content\/uploads\/2022\/08\/PREVEN-T-TD1-_list_simp_en.pdf\">PREVEN-T TD1 _list_simp_en<\/a><\/p>\n<h3 style=\"text-align: center;\"><strong>\u00a0A_PREVEN-T_TD1<\/strong><\/h3>\n<p style=\"text-align: center;\"><a href=\"https:\/\/park-pelister.com\/wp-content\/uploads\/2022\/08\/PREVEN-T-TD1-c2_contractnotice_simp_neg_en.pdf\">PREVEN-T TD1 c2_contractnotice_simp_neg_en<\/a><\/p>\n<p style=\"text-align: center;\"><a href=\"https:\/\/park-pelister.com\/wp-content\/uploads\/2022\/08\/PREVEN-T-TD1-c4b_itt_en.pdf\">PREVEN-T TD1 c4b_itt_en<\/a><\/p>\n<h3 style=\"text-align: center;\"><strong>B_PREVEN-T_TD1<\/strong><\/h3>\n<p style=\"text-align: center;\"><a href=\"https:\/\/park-pelister.com\/wp-content\/uploads\/2022\/08\/PREVEN-T-TD1-c4o2_lefind_en.pdf\">PREVEN-T TD1 c4o2_lefind_en<\/a><\/p>\n<p style=\"text-align: center;\"><a href=\"https:\/\/park-pelister.com\/wp-content\/uploads\/2022\/08\/PREVEN-T-TD1-c4o3_lefcompany_en.pdf\">PREVEN-T TD1 c4o3_lefcompany_en<\/a><\/p>\n<p style=\"text-align: center;\"><a href=\"https:\/\/park-pelister.com\/wp-content\/uploads\/2022\/08\/PREVEN-T-TD1-c4o4_lefpublic_en.pdf\">PREVEN-T TD1 c4o4_lefpublic_en<\/a><\/p>\n<p style=\"text-align: center;\"><a href=\"https:\/\/park-pelister.com\/wp-content\/uploads\/2022\/08\/PREVEN-T-TD1-c11_provfinalaccept_en.pdf\">PREVEN-T TD1 c11_provfinalaccept_en<\/a><\/p>\n<p style=\"text-align: center;\"><a href=\"https:\/\/park-pelister.com\/wp-content\/uploads\/2022\/08\/PREVEN-T-TD1-c4c_contract_en.pdf\">PREVEN-T TD1 c4c_contract_en<\/a><\/p>\n<p style=\"text-align: center;\"><a href=\"https:\/\/park-pelister.com\/wp-content\/uploads\/2022\/08\/PREVEN-T-TD1-c4d_specialconditions_en.pdf\">PREVEN-T TD1 c4d_specialconditions_en<\/a><\/p>\n<p style=\"text-align: center;\"><a href=\"https:\/\/park-pelister.com\/wp-content\/uploads\/2022\/08\/PREVEN-T-TD1-c4e_annexigc_en.pdf\">PREVEN-T TD1 c4e_annexigc_en<\/a><\/p>\n<p style=\"text-align: center;\"><a href=\"https:\/\/park-pelister.com\/wp-content\/uploads\/2022\/08\/PREVEN-T-TD1-c4f_annexiitechspeciiitechoffer_en-2.pdf\">PREVEN-T TD1 c4f_annexiitechspeciiitechoffer_en <\/a><\/p>\n<p style=\"text-align: center;\"><a href=\"https:\/\/park-pelister.com\/wp-content\/uploads\/2022\/08\/PREVEN-T-TD1-c4g_annexivfinoffer_en.pdf\">PREVEN-T TD1 c4g_annexivfinoffer_en<\/a><\/p>\n<p style=\"text-align: center;\"><a href=\"https:\/\/park-pelister.com\/wp-content\/uploads\/2022\/08\/PREVEN-T-TD1-c4o1_fif_en.pdf\">PREVEN-T TD1 c4o1_fif_en<\/a><\/p>\n<h3 style=\"text-align: center;\"><strong>C_PREVEN-T_TD1<\/strong><\/h3>\n<p style=\"text-align: center;\"><a href=\"https:\/\/park-pelister.com\/wp-content\/uploads\/2022\/08\/PREVEN-T-TD1-c4j_admingrid_en.pdf\">PREVEN-T TD1 c4j_admingrid_en<\/a><\/p>\n<p style=\"text-align: center;\"><a href=\"https:\/\/park-pelister.com\/wp-content\/uploads\/2022\/08\/PREVEN-T-TD1-c4k_evalgrid_en.pdf\">PREVEN-T TD1 c4k_evalgrid_en<\/a><\/p>\n<h3 style=\"text-align: center;\"><strong>D-PREVEN-T_TD1<\/strong><\/h3>\n<p style=\"text-align: center;\"><a href=\"https:\/\/park-pelister.com\/wp-content\/uploads\/2022\/08\/pREVEN-T-TD1-a14a_declaration_honour_procurement_en.pdf\">PREVEN-T TD1 a14a_declaration_honour_procurement_en<\/a><\/p>\n<p style=\"text-align: center;\"><a href=\"https:\/\/park-pelister.com\/wp-content\/uploads\/2022\/08\/PREVEN-T-TD1-c4l_tenderform_en.pdf\">PREVEN-T TD1 c4l_tenderform_en<\/a><\/p>\n<p><\/p>","protected":false},"excerpt":{"rendered":"<p>Thirrje publike &#8211; K\u00ebrkes\u00eb dhe Marr\u00ebveshje p\u00ebr blerjen e boronic\u00ebs p\u00ebr vitin 2025 &nbsp; Institucioni Publik Parku Komb\u00ebtar Pelister &#8211; Manastir ju ofron udh\u00ebzimet p\u00ebr pjes\u00ebmarrje n\u00eb Thirrjen Publike p\u00ebr blerjen e boronicave p\u00ebr vitin 2025. Thirrje publike p\u00ebr blerjen e boronicave p\u00ebr vitin 2025 K\u00ebrkes\u00eb p\u00ebr sh\u00eblbim t\u00eb boronic\u00ebs 2025 Marr\u00ebveshja e blerjes s\u00eb [&hellip;]<\/p>\n","protected":false},"author":2,"featured_media":0,"parent":0,"menu_order":0,"comment_status":"closed","ping_status":"closed","template":"template-main.php","meta":[],"_links":{"self":[{"href":"https:\/\/park-pelister.com\/sq\/wp-json\/wp\/v2\/pages\/2327"}],"collection":[{"href":"https:\/\/park-pelister.com\/sq\/wp-json\/wp\/v2\/pages"}],"about":[{"href":"https:\/\/park-pelister.com\/sq\/wp-json\/wp\/v2\/types\/page"}],"author":[{"embeddable":true,"href":"https:\/\/park-pelister.com\/sq\/wp-json\/wp\/v2\/users\/2"}],"replies":[{"embeddable":true,"href":"https:\/\/park-pelister.com\/sq\/wp-json\/wp\/v2\/comments?post=2327"}],"version-history":[{"count":12,"href":"https:\/\/park-pelister.com\/sq\/wp-json\/wp\/v2\/pages\/2327\/revisions"}],"predecessor-version":[{"id":3478,"href":"https:\/\/park-pelister.com\/sq\/wp-json\/wp\/v2\/pages\/2327\/revisions\/3478"}],"wp:attachment":[{"href":"https:\/\/park-pelister.com\/sq\/wp-json\/wp\/v2\/media?parent=2327"}],"curies":[{"name":"wp","href":"https:\/\/api.w.org\/{rel}","templated":true}]}}