{"id":2103,"date":"2020-08-12T14:30:51","date_gmt":"2020-08-12T14:30:51","guid":{"rendered":"http:\/\/pelister.development.ivote.mk\/?page_id=2103"},"modified":"2020-11-24T13:43:07","modified_gmt":"2020-11-24T13:43:07","slug":"%d0%b7%d0%b0-%d0%bf%d1%80%d0%be%d0%b5%d0%ba%d1%82%d0%be%d1%82","status":"publish","type":"page","link":"https:\/\/park-pelister.com\/sq\/%d0%b7%d0%b0-%d0%bf%d1%80%d0%be%d0%b5%d0%ba%d1%82%d0%be%d1%82\/","title":{"rendered":"N\u00eb lidhje me projektin"},"content":{"rendered":"<p>Projekti \u00ebsht\u00eb unik dhe inovativ n\u00eb thelbin e tij duke promovuar trash\u00ebgimin\u00eb natyrore p\u00ebrmes zhvillimit t\u00eb hart\u00ebs s\u00eb p\u00ebrbashk\u00ebt t\u00eb trash\u00ebgimis\u00eb natyrore dhe lidhjes me produktet turistike pran\u00eb zon\u00ebs s\u00eb mbrojtur &#8220;Pelister&#8221;. Zhvillimi i zonave t\u00eb mbrojtura, nga pik\u00ebpamja territoriale dhe sistematike, ka nj\u00eb rol t\u00eb r\u00ebnd\u00ebsish\u00ebm n\u00eb strategjit\u00eb e zhvillimit t\u00eb shtetit dhe komunave, si nga faktor\u00ebt e prodhimit ashtu edhe nga faktor\u00ebt territorial\u00eb.<\/p>","protected":false},"excerpt":{"rendered":"<p>Projekti \u00ebsht\u00eb unik dhe inovativ n\u00eb thelbin e tij duke promovuar trash\u00ebgimin\u00eb natyrore p\u00ebrmes zhvillimit t\u00eb hart\u00ebs s\u00eb p\u00ebrbashk\u00ebt t\u00eb trash\u00ebgimis\u00eb natyrore dhe lidhjes me produktet turistike pran\u00eb zon\u00ebs s\u00eb mbrojtur &#8220;Pelister&#8221;. Zhvillimi i zonave t\u00eb mbrojtura, nga pik\u00ebpamja territoriale dhe sistematike, ka nj\u00eb rol t\u00eb r\u00ebnd\u00ebsish\u00ebm n\u00eb strategjit\u00eb e zhvillimit t\u00eb shtetit dhe komunave, [&hellip;]<\/p>\n","protected":false},"author":3,"featured_media":0,"parent":0,"menu_order":0,"comment_status":"closed","ping_status":"closed","template":"template-main.php","meta":[],"_links":{"self":[{"href":"https:\/\/park-pelister.com\/sq\/wp-json\/wp\/v2\/pages\/2103"}],"collection":[{"href":"https:\/\/park-pelister.com\/sq\/wp-json\/wp\/v2\/pages"}],"about":[{"href":"https:\/\/park-pelister.com\/sq\/wp-json\/wp\/v2\/types\/page"}],"author":[{"embeddable":true,"href":"https:\/\/park-pelister.com\/sq\/wp-json\/wp\/v2\/users\/3"}],"replies":[{"embeddable":true,"href":"https:\/\/park-pelister.com\/sq\/wp-json\/wp\/v2\/comments?post=2103"}],"version-history":[{"count":0,"href":"https:\/\/park-pelister.com\/sq\/wp-json\/wp\/v2\/pages\/2103\/revisions"}],"wp:attachment":[{"href":"https:\/\/park-pelister.com\/sq\/wp-json\/wp\/v2\/media?parent=2103"}],"curies":[{"name":"wp","href":"https:\/\/api.w.org\/{rel}","templated":true}]}}