{"id":101,"date":"2020-04-23T10:30:32","date_gmt":"2020-04-23T10:30:32","guid":{"rendered":"http:\/\/localhost\/pelister\/?page_id=101"},"modified":"2020-09-09T05:39:06","modified_gmt":"2020-09-09T05:39:06","slug":"soil","status":"publish","type":"page","link":"https:\/\/park-pelister.com\/sq\/soil\/","title":{"rendered":"Toka"},"content":{"rendered":"<p>P\u00ebrmes bashk\u00ebveprimit t\u00eb faktor\u00ebve topografik\u00eb dhe klimatik\u00eb, si dhe jet\u00ebs s\u00eb eg\u00ebr n\u00eb Parkun Komb\u00ebtar Pelister, ekzistojn\u00eb tre lloje kryesore t\u00eb dheut:<\/p>\n<p>(a) humus-silikat;<\/p>\n<p>(b) cambisols; dhe<\/p>\n<p>(c) brunipodzols, cambisols kafe.<\/p>\n<p>N\u00eb zon\u00ebn e tejmbushur me bim\u00eb pyjore, d.m.th. pyjet e lisit, ahut dhe molika malore, tokat pyjore kafe me disa varietete ose n\u00eb faza t\u00eb ndryshme evolucionare jan\u00eb t\u00eb pranishme.<\/p>\n<p>Tokat humus-silikate ndodhen n\u00eb zon\u00ebn malore dhe para-malore, dhe m\u00eb rrall\u00eb n\u00eb zon\u00ebn pyjore.<\/p>\n<p>Tokat n\u00ebntok\u00ebsore kafe jan\u00eb t\u00eb rralla dhe t\u00eb pranishme n\u00eb zon\u00ebn para-malore n\u00eb vendet e mbingarkuara me molika.<\/p>\n<p>&nbsp;<\/p>\n<p>&nbsp;<\/p>","protected":false},"excerpt":{"rendered":"<p>P\u00ebrmes bashk\u00ebveprimit t\u00eb faktor\u00ebve topografik\u00eb dhe klimatik\u00eb, si dhe jet\u00ebs s\u00eb eg\u00ebr n\u00eb Parkun Komb\u00ebtar Pelister, ekzistojn\u00eb tre lloje kryesore t\u00eb dheut: (a) humus-silikat; (b) cambisols; dhe (c) brunipodzols, cambisols kafe. N\u00eb zon\u00ebn e tejmbushur me bim\u00eb pyjore, d.m.th. pyjet e lisit, ahut dhe molika malore, tokat pyjore kafe me disa varietete ose n\u00eb faza [&hellip;]<\/p>\n","protected":false},"author":1,"featured_media":1600,"parent":0,"menu_order":0,"comment_status":"closed","ping_status":"closed","template":"template-newsoils.php","meta":[],"_links":{"self":[{"href":"https:\/\/park-pelister.com\/sq\/wp-json\/wp\/v2\/pages\/101"}],"collection":[{"href":"https:\/\/park-pelister.com\/sq\/wp-json\/wp\/v2\/pages"}],"about":[{"href":"https:\/\/park-pelister.com\/sq\/wp-json\/wp\/v2\/types\/page"}],"author":[{"embeddable":true,"href":"https:\/\/park-pelister.com\/sq\/wp-json\/wp\/v2\/users\/1"}],"replies":[{"embeddable":true,"href":"https:\/\/park-pelister.com\/sq\/wp-json\/wp\/v2\/comments?post=101"}],"version-history":[{"count":0,"href":"https:\/\/park-pelister.com\/sq\/wp-json\/wp\/v2\/pages\/101\/revisions"}],"wp:featuredmedia":[{"embeddable":true,"href":"https:\/\/park-pelister.com\/sq\/wp-json\/wp\/v2\/media\/1600"}],"wp:attachment":[{"href":"https:\/\/park-pelister.com\/sq\/wp-json\/wp\/v2\/media?parent=101"}],"curies":[{"name":"wp","href":"https:\/\/api.w.org\/{rel}","templated":true}]}}